{"id":950,"date":"2017-09-28T21:40:21","date_gmt":"2017-09-28T19:40:21","guid":{"rendered":"http:\/\/armin-knab-gymnasium.de\/Home\/?page_id=950"},"modified":"2023-10-04T07:43:48","modified_gmt":"2023-10-04T05:43:48","slug":"sat","status":"publish","type":"page","link":"https:\/\/armin-knab-gymnasium.de\/Home\/schulgemeinschaft\/sat\/","title":{"rendered":"Sachaufwandstr\u00e4ger"},"content":{"rendered":"<div class=\"wp-block-image\">\n<figure class=\"aligncenter is-resized\"><a href=\"https:\/\/armin-knab-gymnasium.de\/Home\/wp-content\/uploads\/2017\/12\/landkreis_kitzingen.jpg\"><img loading=\"lazy\" decoding=\"async\" src=\"https:\/\/armin-knab-gymnasium.de\/Home\/wp-content\/uploads\/2017\/12\/landkreis_kitzingen-300x145.jpg\" alt=\"\" class=\"wp-image-2146\" style=\"width:660px;height:319px\" width=\"660\" height=\"319\" srcset=\"https:\/\/armin-knab-gymnasium.de\/Home\/wp-content\/uploads\/2017\/12\/landkreis_kitzingen-300x145.jpg 300w, https:\/\/armin-knab-gymnasium.de\/Home\/wp-content\/uploads\/2017\/12\/landkreis_kitzingen-768x371.jpg 768w, https:\/\/armin-knab-gymnasium.de\/Home\/wp-content\/uploads\/2017\/12\/landkreis_kitzingen-624x301.jpg 624w, https:\/\/armin-knab-gymnasium.de\/Home\/wp-content\/uploads\/2017\/12\/landkreis_kitzingen.jpg 999w\" sizes=\"auto, (max-width: 660px) 100vw, 660px\" \/><\/a><\/figure>\n<\/div>\n\n\n<p>Der Sachaufwandstr\u00e4ger des Armin-Knab-Gymnasiums ist der <strong>Landkreis Kitzingen<\/strong>. Er nimmt seine Aufgabe sehr ernst und unterst\u00fctzt die Schule in allen Belangen.<\/p>\n","protected":false},"excerpt":{"rendered":"<p>Der Sachaufwandstr\u00e4ger des Armin-Knab-Gymnasiums ist der Landkreis Kitzingen. Er nimmt seine Aufgabe sehr ernst und unterst\u00fctzt die Schule in allen Belangen.<\/p>\n","protected":false},"author":3,"featured_media":0,"parent":690,"menu_order":22,"comment_status":"closed","ping_status":"closed","template":"","meta":{"ghostkit_customizer_options":"","ghostkit_custom_css":"","ghostkit_custom_js_head":"","ghostkit_custom_js_foot":"","ghostkit_typography":"","footnotes":""},"coauthors":[35],"class_list":["post-950","page","type-page","status-publish","hentry"],"yoast_head":"<!-- This site is optimized with the Yoast SEO plugin v27.5 - https:\/\/yoast.com\/product\/yoast-seo-wordpress\/ -->\n<title>Sachaufwandstr\u00e4ger - Armin-Knab-Gymnasium Kitzingen<\/title>\n<meta name=\"robots\" content=\"index, follow, max-snippet:-1, max-image-preview:large, max-video-preview:-1\" \/>\n<link rel=\"canonical\" href=\"https:\/\/armin-knab-gymnasium.de\/Home\/schulgemeinschaft\/sat\/\" \/>\n<meta property=\"og:locale\" content=\"de_DE\" \/>\n<meta property=\"og:type\" content=\"article\" \/>\n<meta property=\"og:title\" content=\"Sachaufwandstr\u00e4ger - Armin-Knab-Gymnasium Kitzingen\" \/>\n<meta property=\"og:description\" content=\"Der Sachaufwandstr\u00e4ger des Armin-Knab-Gymnasiums ist der Landkreis Kitzingen. Er nimmt seine Aufgabe sehr ernst und unterst\u00fctzt die Schule in allen Belangen.\" \/>\n<meta property=\"og:url\" content=\"https:\/\/armin-knab-gymnasium.de\/Home\/schulgemeinschaft\/sat\/\" \/>\n<meta property=\"og:site_name\" content=\"Armin-Knab-Gymnasium Kitzingen\" \/>\n<meta property=\"article:modified_time\" content=\"2023-10-04T05:43:48+00:00\" \/>\n<meta property=\"og:image\" content=\"https:\/\/armin-knab-gymnasium.de\/Home\/wp-content\/uploads\/2017\/12\/landkreis_kitzingen-300x145.jpg\" \/>\n<meta name=\"twitter:card\" content=\"summary_large_image\" \/>\n<meta name=\"twitter:label1\" content=\"Gesch\u00e4tzte Lesezeit\" \/>\n\t<meta name=\"twitter:data1\" content=\"1\u00a0Minute\" \/>\n\t<meta name=\"twitter:label2\" content=\"Written by\" \/>\n\t<meta name=\"twitter:data2\" content=\"Bert Eitschberger\" \/>\n<script type=\"application\/ld+json\" class=\"yoast-schema-graph\">{\"@context\":\"https:\\\/\\\/schema.org\",\"@graph\":[{\"@type\":\"WebPage\",\"@id\":\"https:\\\/\\\/armin-knab-gymnasium.de\\\/Home\\\/schulgemeinschaft\\\/sat\\\/\",\"url\":\"https:\\\/\\\/armin-knab-gymnasium.de\\\/Home\\\/schulgemeinschaft\\\/sat\\\/\",\"name\":\"Sachaufwandstr\u00e4ger - Armin-Knab-Gymnasium Kitzingen\",\"isPartOf\":{\"@id\":\"https:\\\/\\\/armin-knab-gymnasium.de\\\/Home\\\/#website\"},\"primaryImageOfPage\":{\"@id\":\"https:\\\/\\\/armin-knab-gymnasium.de\\\/Home\\\/schulgemeinschaft\\\/sat\\\/#primaryimage\"},\"image\":{\"@id\":\"https:\\\/\\\/armin-knab-gymnasium.de\\\/Home\\\/schulgemeinschaft\\\/sat\\\/#primaryimage\"},\"thumbnailUrl\":\"https:\\\/\\\/armin-knab-gymnasium.de\\\/Home\\\/wp-content\\\/uploads\\\/2017\\\/12\\\/landkreis_kitzingen-300x145.jpg\",\"datePublished\":\"2017-09-28T19:40:21+00:00\",\"dateModified\":\"2023-10-04T05:43:48+00:00\",\"breadcrumb\":{\"@id\":\"https:\\\/\\\/armin-knab-gymnasium.de\\\/Home\\\/schulgemeinschaft\\\/sat\\\/#breadcrumb\"},\"inLanguage\":\"de\",\"potentialAction\":[{\"@type\":\"ReadAction\",\"target\":[\"https:\\\/\\\/armin-knab-gymnasium.de\\\/Home\\\/schulgemeinschaft\\\/sat\\\/\"]}]},{\"@type\":\"ImageObject\",\"inLanguage\":\"de\",\"@id\":\"https:\\\/\\\/armin-knab-gymnasium.de\\\/Home\\\/schulgemeinschaft\\\/sat\\\/#primaryimage\",\"url\":\"https:\\\/\\\/armin-knab-gymnasium.de\\\/Home\\\/wp-content\\\/uploads\\\/2017\\\/12\\\/landkreis_kitzingen.jpg\",\"contentUrl\":\"https:\\\/\\\/armin-knab-gymnasium.de\\\/Home\\\/wp-content\\\/uploads\\\/2017\\\/12\\\/landkreis_kitzingen.jpg\",\"width\":999,\"height\":482},{\"@type\":\"BreadcrumbList\",\"@id\":\"https:\\\/\\\/armin-knab-gymnasium.de\\\/Home\\\/schulgemeinschaft\\\/sat\\\/#breadcrumb\",\"itemListElement\":[{\"@type\":\"ListItem\",\"position\":1,\"name\":\"Startseite\",\"item\":\"https:\\\/\\\/armin-knab-gymnasium.de\\\/Home\\\/\"},{\"@type\":\"ListItem\",\"position\":2,\"name\":\"Schulgemeinschaft\",\"item\":\"https:\\\/\\\/armin-knab-gymnasium.de\\\/Home\\\/schulgemeinschaft\\\/\"},{\"@type\":\"ListItem\",\"position\":3,\"name\":\"Sachaufwandstr\u00e4ger\"}]},{\"@type\":\"WebSite\",\"@id\":\"https:\\\/\\\/armin-knab-gymnasium.de\\\/Home\\\/#website\",\"url\":\"https:\\\/\\\/armin-knab-gymnasium.de\\\/Home\\\/\",\"name\":\"Armin-Knab-Gymnasium Kitzingen\",\"description\":\"Naturwissenschaftlich-technologisches und sprachliches Gymnasium\",\"publisher\":{\"@id\":\"https:\\\/\\\/armin-knab-gymnasium.de\\\/Home\\\/#organization\"},\"potentialAction\":[{\"@type\":\"SearchAction\",\"target\":{\"@type\":\"EntryPoint\",\"urlTemplate\":\"https:\\\/\\\/armin-knab-gymnasium.de\\\/Home\\\/?s={search_term_string}\"},\"query-input\":{\"@type\":\"PropertyValueSpecification\",\"valueRequired\":true,\"valueName\":\"search_term_string\"}}],\"inLanguage\":\"de\"},{\"@type\":\"Organization\",\"@id\":\"https:\\\/\\\/armin-knab-gymnasium.de\\\/Home\\\/#organization\",\"name\":\"Armin-Knab-Gymnasium Kitzingen\",\"url\":\"https:\\\/\\\/armin-knab-gymnasium.de\\\/Home\\\/\",\"logo\":{\"@type\":\"ImageObject\",\"inLanguage\":\"de\",\"@id\":\"https:\\\/\\\/armin-knab-gymnasium.de\\\/Home\\\/#\\\/schema\\\/logo\\\/image\\\/\",\"url\":\"https:\\\/\\\/armin-knab-gymnasium.de\\\/Home\\\/wp-content\\\/uploads\\\/2016\\\/11\\\/LogoIcon.png\",\"contentUrl\":\"https:\\\/\\\/armin-knab-gymnasium.de\\\/Home\\\/wp-content\\\/uploads\\\/2016\\\/11\\\/LogoIcon.png\",\"width\":512,\"height\":512,\"caption\":\"Armin-Knab-Gymnasium Kitzingen\"},\"image\":{\"@id\":\"https:\\\/\\\/armin-knab-gymnasium.de\\\/Home\\\/#\\\/schema\\\/logo\\\/image\\\/\"}}]}<\/script>\n<!-- \/ Yoast SEO plugin. -->","yoast_head_json":{"title":"Sachaufwandstr\u00e4ger - Armin-Knab-Gymnasium Kitzingen","robots":{"index":"index","follow":"follow","max-snippet":"max-snippet:-1","max-image-preview":"max-image-preview:large","max-video-preview":"max-video-preview:-1"},"canonical":"https:\/\/armin-knab-gymnasium.de\/Home\/schulgemeinschaft\/sat\/","og_locale":"de_DE","og_type":"article","og_title":"Sachaufwandstr\u00e4ger - Armin-Knab-Gymnasium Kitzingen","og_description":"Der Sachaufwandstr\u00e4ger des Armin-Knab-Gymnasiums ist der Landkreis Kitzingen. Er nimmt seine Aufgabe sehr ernst und unterst\u00fctzt die Schule in allen Belangen.","og_url":"https:\/\/armin-knab-gymnasium.de\/Home\/schulgemeinschaft\/sat\/","og_site_name":"Armin-Knab-Gymnasium Kitzingen","article_modified_time":"2023-10-04T05:43:48+00:00","og_image":[{"url":"https:\/\/armin-knab-gymnasium.de\/Home\/wp-content\/uploads\/2017\/12\/landkreis_kitzingen-300x145.jpg","type":"","width":"","height":""}],"twitter_card":"summary_large_image","twitter_misc":{"Gesch\u00e4tzte Lesezeit":"1\u00a0Minute","Written by":"Bert Eitschberger"},"schema":{"@context":"https:\/\/schema.org","@graph":[{"@type":"WebPage","@id":"https:\/\/armin-knab-gymnasium.de\/Home\/schulgemeinschaft\/sat\/","url":"https:\/\/armin-knab-gymnasium.de\/Home\/schulgemeinschaft\/sat\/","name":"Sachaufwandstr\u00e4ger - Armin-Knab-Gymnasium Kitzingen","isPartOf":{"@id":"https:\/\/armin-knab-gymnasium.de\/Home\/#website"},"primaryImageOfPage":{"@id":"https:\/\/armin-knab-gymnasium.de\/Home\/schulgemeinschaft\/sat\/#primaryimage"},"image":{"@id":"https:\/\/armin-knab-gymnasium.de\/Home\/schulgemeinschaft\/sat\/#primaryimage"},"thumbnailUrl":"https:\/\/armin-knab-gymnasium.de\/Home\/wp-content\/uploads\/2017\/12\/landkreis_kitzingen-300x145.jpg","datePublished":"2017-09-28T19:40:21+00:00","dateModified":"2023-10-04T05:43:48+00:00","breadcrumb":{"@id":"https:\/\/armin-knab-gymnasium.de\/Home\/schulgemeinschaft\/sat\/#breadcrumb"},"inLanguage":"de","potentialAction":[{"@type":"ReadAction","target":["https:\/\/armin-knab-gymnasium.de\/Home\/schulgemeinschaft\/sat\/"]}]},{"@type":"ImageObject","inLanguage":"de","@id":"https:\/\/armin-knab-gymnasium.de\/Home\/schulgemeinschaft\/sat\/#primaryimage","url":"https:\/\/armin-knab-gymnasium.de\/Home\/wp-content\/uploads\/2017\/12\/landkreis_kitzingen.jpg","contentUrl":"https:\/\/armin-knab-gymnasium.de\/Home\/wp-content\/uploads\/2017\/12\/landkreis_kitzingen.jpg","width":999,"height":482},{"@type":"BreadcrumbList","@id":"https:\/\/armin-knab-gymnasium.de\/Home\/schulgemeinschaft\/sat\/#breadcrumb","itemListElement":[{"@type":"ListItem","position":1,"name":"Startseite","item":"https:\/\/armin-knab-gymnasium.de\/Home\/"},{"@type":"ListItem","position":2,"name":"Schulgemeinschaft","item":"https:\/\/armin-knab-gymnasium.de\/Home\/schulgemeinschaft\/"},{"@type":"ListItem","position":3,"name":"Sachaufwandstr\u00e4ger"}]},{"@type":"WebSite","@id":"https:\/\/armin-knab-gymnasium.de\/Home\/#website","url":"https:\/\/armin-knab-gymnasium.de\/Home\/","name":"Armin-Knab-Gymnasium Kitzingen","description":"Naturwissenschaftlich-technologisches und sprachliches Gymnasium","publisher":{"@id":"https:\/\/armin-knab-gymnasium.de\/Home\/#organization"},"potentialAction":[{"@type":"SearchAction","target":{"@type":"EntryPoint","urlTemplate":"https:\/\/armin-knab-gymnasium.de\/Home\/?s={search_term_string}"},"query-input":{"@type":"PropertyValueSpecification","valueRequired":true,"valueName":"search_term_string"}}],"inLanguage":"de"},{"@type":"Organization","@id":"https:\/\/armin-knab-gymnasium.de\/Home\/#organization","name":"Armin-Knab-Gymnasium Kitzingen","url":"https:\/\/armin-knab-gymnasium.de\/Home\/","logo":{"@type":"ImageObject","inLanguage":"de","@id":"https:\/\/armin-knab-gymnasium.de\/Home\/#\/schema\/logo\/image\/","url":"https:\/\/armin-knab-gymnasium.de\/Home\/wp-content\/uploads\/2016\/11\/LogoIcon.png","contentUrl":"https:\/\/armin-knab-gymnasium.de\/Home\/wp-content\/uploads\/2016\/11\/LogoIcon.png","width":512,"height":512,"caption":"Armin-Knab-Gymnasium Kitzingen"},"image":{"@id":"https:\/\/armin-knab-gymnasium.de\/Home\/#\/schema\/logo\/image\/"}}]}},"publishpress_future_action":{"enabled":false,"date":"2026-05-13 09:58:12","action":"change-status","newStatus":"draft","terms":[],"taxonomy":"author","extraData":[]},"publishpress_future_workflow_manual_trigger":{"enabledWorkflows":[]},"_links":{"self":[{"href":"https:\/\/armin-knab-gymnasium.de\/Home\/wp-json\/wp\/v2\/pages\/950","targetHints":{"allow":["GET"]}}],"collection":[{"href":"https:\/\/armin-knab-gymnasium.de\/Home\/wp-json\/wp\/v2\/pages"}],"about":[{"href":"https:\/\/armin-knab-gymnasium.de\/Home\/wp-json\/wp\/v2\/types\/page"}],"author":[{"embeddable":true,"href":"https:\/\/armin-knab-gymnasium.de\/Home\/wp-json\/wp\/v2\/users\/3"}],"replies":[{"embeddable":true,"href":"https:\/\/armin-knab-gymnasium.de\/Home\/wp-json\/wp\/v2\/comments?post=950"}],"version-history":[{"count":6,"href":"https:\/\/armin-knab-gymnasium.de\/Home\/wp-json\/wp\/v2\/pages\/950\/revisions"}],"predecessor-version":[{"id":15466,"href":"https:\/\/armin-knab-gymnasium.de\/Home\/wp-json\/wp\/v2\/pages\/950\/revisions\/15466"}],"up":[{"embeddable":true,"href":"https:\/\/armin-knab-gymnasium.de\/Home\/wp-json\/wp\/v2\/pages\/690"}],"wp:attachment":[{"href":"https:\/\/armin-knab-gymnasium.de\/Home\/wp-json\/wp\/v2\/media?parent=950"}],"wp:term":[{"taxonomy":"author","embeddable":true,"href":"https:\/\/armin-knab-gymnasium.de\/Home\/wp-json\/wp\/v2\/coauthors?post=950"}],"curies":[{"name":"wp","href":"https:\/\/api.w.org\/{rel}","templated":true}]}}