{"id":956,"date":"2017-09-28T21:44:06","date_gmt":"2017-09-28T19:44:06","guid":{"rendered":"http:\/\/armin-knab-gymnasium.de\/Home\/?page_id=956"},"modified":"2023-10-04T07:56:48","modified_gmt":"2023-10-04T05:56:48","slug":"mebis","status":"publish","type":"page","link":"https:\/\/armin-knab-gymnasium.de\/Home\/unterricht\/mebis\/","title":{"rendered":"BYCS"},"content":{"rendered":"\n<div class=\"ghostkit-tabs is-style-default\" data-tab-active=\"tab-zugangsdaten\"><div class=\"ghostkit-tabs-buttons ghostkit-tabs-buttons-align-start\"><a href=\"#tab-allgemeines\" class=\"ghostkit-tabs-buttons-item\">Allgemeines<\/a><a href=\"#tab-zugangsdaten\" class=\"ghostkit-tabs-buttons-item\">Zugangsdaten<\/a><\/div><div class=\"ghostkit-tabs-content\">\n<div class=\"ghostkit-tab is-layout-flow wp-block-ghostkit-tabs-tab-v2-is-layout-flow\" data-tab=\"tab-allgemeines\">\n<p>Zur F\u00f6rderung des Einsatzes von digitalen Medien im Unterricht hat das Bayerische Staatsministerium f\u00fcr Bildung und Kultus, Wissenschaft und Kunst \u201emebis \u2013 Landesmedienzentrum Bayern\u201c etabliert. An der Umsetzung sind das Staatsinstitut f\u00fcr Schulqualit\u00e4t und Bildungsforschung (ISB), die Akademie f\u00fcr Lehrerfortbildung und Personalf\u00fchrung (ALP) sowie das Institut f\u00fcr Film und Bild in Wissenschaft und Unterricht GmbH (FWU) beteiligt.<\/p>\n<\/div>\n\n\n\n<div class=\"ghostkit-tab is-layout-flow wp-block-ghostkit-tabs-tab-v2-is-layout-flow\" data-tab=\"tab-zugangsdaten\">\n<p>Alle Sch\u00fcler des Armin-Knab-Gymnasiums haben BYCS Zugangsdaten erhalten. Sollten dennoch Schwierigkeiten beim Zugriff auf die Plattform auftreten, dann k\u00f6nnen Sie mit folgendem Kontaktformular um Hilfe bitten, in dem eine freundliche Nachricht verfasst werden kann.<\/p>\n\n\n\n<p class=\"has-text-align-center\"><strong><a href=\"https:\/\/armin-knab-gymnasium.de\/Home\/wp-content\/uploads\/2021\/12\/mebis-Zugangsdaten_woher.pdf\" target=\"_blank\" rel=\"noreferrer noopener\">Beachten Sie vorher aber bitte dieses PDF<\/a> <\/strong>f\u00fcr das Eintragen einer eigenen E-Mail-Adresse<strong>.<\/strong><\/p>\n\n\n\n<p><strong>ACHTUNG<\/strong>: Wenn Sie bei BYCS eine E-Mail-Adresse hinterlegt haben, auf die Sie Zugriff haben, k\u00f6nnen Sie das Passwort jederzeit selbst \u00e4ndern. Das geht schneller, als \u00fcber das Kontaktformular. Bitte nutzen Sie das Kontaktformular nur, wenn Sie keine E-Mail-Adresse hinterlegt haben oder sich hierbei nicht sicher sind.<\/p>\n\n\n\n<p><strong>Kontaktformular f\u00fcr BYCS Zugangsdaten:<\/strong>&nbsp;\n<div class=\"wpcf7 no-js\" id=\"wpcf7-f4966-o1\" lang=\"de-DE\" dir=\"ltr\" data-wpcf7-id=\"4966\">\n<div class=\"screen-reader-response\"><p role=\"status\" aria-live=\"polite\" aria-atomic=\"true\"><\/p> <ul><\/ul><\/div>\n<form action=\"\/Home\/wp-json\/wp\/v2\/pages\/956#wpcf7-f4966-o1\" method=\"post\" class=\"wpcf7-form init\" aria-label=\"Kontaktformular\" novalidate=\"novalidate\" data-status=\"init\">\n<fieldset class=\"hidden-fields-container\"><input type=\"hidden\" name=\"_wpcf7\" value=\"4966\" \/><input type=\"hidden\" name=\"_wpcf7_version\" value=\"6.1.5\" \/><input type=\"hidden\" name=\"_wpcf7_locale\" value=\"de_DE\" \/><input type=\"hidden\" name=\"_wpcf7_unit_tag\" value=\"wpcf7-f4966-o1\" \/><input type=\"hidden\" name=\"_wpcf7_container_post\" value=\"0\" \/><input type=\"hidden\" name=\"_wpcf7_posted_data_hash\" value=\"\" \/>\n<\/fieldset>\n<p><label> Dein Vorname (Pflichtfeld)<br \/>\n<span class=\"wpcf7-form-control-wrap\" data-name=\"your-firstname\"><input size=\"40\" maxlength=\"400\" class=\"wpcf7-form-control wpcf7-text wpcf7-validates-as-required\" aria-required=\"true\" aria-invalid=\"false\" value=\"\" type=\"text\" name=\"your-firstname\" \/><\/span> <\/label>\n<\/p>\n<p><label> Dein Nachname (Pflichtfeld)<br \/>\n<span class=\"wpcf7-form-control-wrap\" data-name=\"your-name\"><input size=\"40\" maxlength=\"400\" class=\"wpcf7-form-control wpcf7-text wpcf7-validates-as-required\" aria-required=\"true\" aria-invalid=\"false\" value=\"\" type=\"text\" name=\"your-name\" \/><\/span> <\/label>\n<\/p>\n<p><label> Deine E-Mail-Adresse (an diese wird die Antwort erfolgen) (Pflichtfeld)<br \/>\n<span class=\"wpcf7-form-control-wrap\" data-name=\"your-email\"><input size=\"40\" maxlength=\"400\" class=\"wpcf7-form-control wpcf7-email wpcf7-validates-as-required wpcf7-text wpcf7-validates-as-email\" aria-required=\"true\" aria-invalid=\"false\" value=\"\" type=\"email\" name=\"your-email\" \/><\/span> <\/label>\n<\/p>\n<p><label> Betreff (Pflichtfeld)<br \/>\n<span class=\"wpcf7-form-control-wrap\" data-name=\"your-subject\"><input size=\"40\" maxlength=\"400\" class=\"wpcf7-form-control wpcf7-text wpcf7-validates-as-required\" aria-required=\"true\" aria-invalid=\"false\" value=\"\" type=\"text\" name=\"your-subject\" \/><\/span> <\/label>\n<\/p>\n<p><label> Die freundliche Nachricht. Um was geht es? (Pflichtfeld)<br \/>\n<span class=\"wpcf7-form-control-wrap\" data-name=\"your-message\"><textarea cols=\"40\" rows=\"10\" maxlength=\"2000\" class=\"wpcf7-form-control wpcf7-textarea wpcf7-validates-as-required\" aria-required=\"true\" aria-invalid=\"false\" name=\"your-message\"><\/textarea><\/span> <\/label>\n<\/p>\n<p><span class=\"wpcf7-form-control-wrap\" data-name=\"quiz-858\"><label><span class=\"wpcf7-quiz-label\">Vervollst\u00e4ndigen Sie den Titel der Schule: Armin - ? - Gymnasium<\/span> <input size=\"40\" class=\"wpcf7-form-control wpcf7-quiz\" autocomplete=\"off\" aria-required=\"true\" aria-invalid=\"false\" type=\"text\" name=\"quiz-858\" \/><\/label><input type=\"hidden\" name=\"_wpcf7_quiz_answer_quiz-858\" value=\"da1b009fdd3b43b1a1c392ba25a9fb1e\" \/><\/span>\n<\/p>\n<p><input class=\"wpcf7-form-control wpcf7-submit has-spinner\" type=\"submit\" value=\"Senden\" \/>\n<\/p><div class=\"wpcf7-response-output\" aria-hidden=\"true\"><\/div>\n<\/form>\n<\/div>\n\n<\/div>\n<\/div><\/div>\n\n\n\n<p>&nbsp;<\/p>\n","protected":false},"excerpt":{"rendered":"<p>&nbsp;<\/p>\n","protected":false},"author":2,"featured_media":15174,"parent":112,"menu_order":8,"comment_status":"closed","ping_status":"closed","template":"","meta":{"ghostkit_customizer_options":"","ghostkit_custom_css":"","ghostkit_custom_js_head":"","ghostkit_custom_js_foot":"","ghostkit_typography":"","footnotes":""},"coauthors":[37],"class_list":["post-956","page","type-page","status-publish","has-post-thumbnail","hentry"],"yoast_head":"<!-- This site is optimized with the Yoast SEO plugin v27.4 - https:\/\/yoast.com\/product\/yoast-seo-wordpress\/ -->\n<title>BYCS - Armin-Knab-Gymnasium Kitzingen<\/title>\n<meta name=\"robots\" content=\"index, follow, max-snippet:-1, max-image-preview:large, max-video-preview:-1\" \/>\n<link rel=\"canonical\" href=\"https:\/\/armin-knab-gymnasium.de\/Home\/unterricht\/mebis\/\" \/>\n<meta property=\"og:locale\" content=\"de_DE\" \/>\n<meta property=\"og:type\" content=\"article\" \/>\n<meta property=\"og:title\" content=\"BYCS - Armin-Knab-Gymnasium Kitzingen\" \/>\n<meta property=\"og:description\" content=\"&nbsp;\" \/>\n<meta property=\"og:url\" content=\"https:\/\/armin-knab-gymnasium.de\/Home\/unterricht\/mebis\/\" \/>\n<meta property=\"og:site_name\" content=\"Armin-Knab-Gymnasium Kitzingen\" \/>\n<meta property=\"article:modified_time\" content=\"2023-10-04T05:56:48+00:00\" \/>\n<meta property=\"og:image\" content=\"https:\/\/armin-knab-gymnasium.de\/Home\/wp-content\/uploads\/2023\/07\/BYCS_Logo.png\" \/>\n\t<meta property=\"og:image:width\" content=\"1626\" \/>\n\t<meta property=\"og:image:height\" content=\"550\" \/>\n\t<meta property=\"og:image:type\" content=\"image\/png\" \/>\n<meta name=\"twitter:card\" content=\"summary_large_image\" \/>\n<meta name=\"twitter:label1\" content=\"Gesch\u00e4tzte Lesezeit\" \/>\n\t<meta name=\"twitter:data1\" content=\"1\u00a0Minute\" \/>\n\t<meta name=\"twitter:label2\" content=\"Written by\" \/>\n\t<meta name=\"twitter:data2\" content=\"Julian Schmidt\" \/>\n<script type=\"application\/ld+json\" class=\"yoast-schema-graph\">{\"@context\":\"https:\\\/\\\/schema.org\",\"@graph\":[{\"@type\":\"WebPage\",\"@id\":\"https:\\\/\\\/armin-knab-gymnasium.de\\\/Home\\\/unterricht\\\/mebis\\\/\",\"url\":\"https:\\\/\\\/armin-knab-gymnasium.de\\\/Home\\\/unterricht\\\/mebis\\\/\",\"name\":\"BYCS - Armin-Knab-Gymnasium Kitzingen\",\"isPartOf\":{\"@id\":\"https:\\\/\\\/armin-knab-gymnasium.de\\\/Home\\\/#website\"},\"primaryImageOfPage\":{\"@id\":\"https:\\\/\\\/armin-knab-gymnasium.de\\\/Home\\\/unterricht\\\/mebis\\\/#primaryimage\"},\"image\":{\"@id\":\"https:\\\/\\\/armin-knab-gymnasium.de\\\/Home\\\/unterricht\\\/mebis\\\/#primaryimage\"},\"thumbnailUrl\":\"https:\\\/\\\/armin-knab-gymnasium.de\\\/Home\\\/wp-content\\\/uploads\\\/2023\\\/07\\\/BYCS_Logo.png\",\"datePublished\":\"2017-09-28T19:44:06+00:00\",\"dateModified\":\"2023-10-04T05:56:48+00:00\",\"breadcrumb\":{\"@id\":\"https:\\\/\\\/armin-knab-gymnasium.de\\\/Home\\\/unterricht\\\/mebis\\\/#breadcrumb\"},\"inLanguage\":\"de\",\"potentialAction\":[{\"@type\":\"ReadAction\",\"target\":[\"https:\\\/\\\/armin-knab-gymnasium.de\\\/Home\\\/unterricht\\\/mebis\\\/\"]}]},{\"@type\":\"ImageObject\",\"inLanguage\":\"de\",\"@id\":\"https:\\\/\\\/armin-knab-gymnasium.de\\\/Home\\\/unterricht\\\/mebis\\\/#primaryimage\",\"url\":\"https:\\\/\\\/armin-knab-gymnasium.de\\\/Home\\\/wp-content\\\/uploads\\\/2023\\\/07\\\/BYCS_Logo.png\",\"contentUrl\":\"https:\\\/\\\/armin-knab-gymnasium.de\\\/Home\\\/wp-content\\\/uploads\\\/2023\\\/07\\\/BYCS_Logo.png\",\"width\":1626,\"height\":550},{\"@type\":\"BreadcrumbList\",\"@id\":\"https:\\\/\\\/armin-knab-gymnasium.de\\\/Home\\\/unterricht\\\/mebis\\\/#breadcrumb\",\"itemListElement\":[{\"@type\":\"ListItem\",\"position\":1,\"name\":\"Startseite\",\"item\":\"https:\\\/\\\/armin-knab-gymnasium.de\\\/Home\\\/\"},{\"@type\":\"ListItem\",\"position\":2,\"name\":\"Unterricht\",\"item\":\"https:\\\/\\\/armin-knab-gymnasium.de\\\/Home\\\/unterricht\\\/\"},{\"@type\":\"ListItem\",\"position\":3,\"name\":\"BYCS\"}]},{\"@type\":\"WebSite\",\"@id\":\"https:\\\/\\\/armin-knab-gymnasium.de\\\/Home\\\/#website\",\"url\":\"https:\\\/\\\/armin-knab-gymnasium.de\\\/Home\\\/\",\"name\":\"Armin-Knab-Gymnasium Kitzingen\",\"description\":\"Naturwissenschaftlich-technologisches und sprachliches Gymnasium\",\"publisher\":{\"@id\":\"https:\\\/\\\/armin-knab-gymnasium.de\\\/Home\\\/#organization\"},\"potentialAction\":[{\"@type\":\"SearchAction\",\"target\":{\"@type\":\"EntryPoint\",\"urlTemplate\":\"https:\\\/\\\/armin-knab-gymnasium.de\\\/Home\\\/?s={search_term_string}\"},\"query-input\":{\"@type\":\"PropertyValueSpecification\",\"valueRequired\":true,\"valueName\":\"search_term_string\"}}],\"inLanguage\":\"de\"},{\"@type\":\"Organization\",\"@id\":\"https:\\\/\\\/armin-knab-gymnasium.de\\\/Home\\\/#organization\",\"name\":\"Armin-Knab-Gymnasium Kitzingen\",\"url\":\"https:\\\/\\\/armin-knab-gymnasium.de\\\/Home\\\/\",\"logo\":{\"@type\":\"ImageObject\",\"inLanguage\":\"de\",\"@id\":\"https:\\\/\\\/armin-knab-gymnasium.de\\\/Home\\\/#\\\/schema\\\/logo\\\/image\\\/\",\"url\":\"https:\\\/\\\/armin-knab-gymnasium.de\\\/Home\\\/wp-content\\\/uploads\\\/2016\\\/11\\\/LogoIcon.png\",\"contentUrl\":\"https:\\\/\\\/armin-knab-gymnasium.de\\\/Home\\\/wp-content\\\/uploads\\\/2016\\\/11\\\/LogoIcon.png\",\"width\":512,\"height\":512,\"caption\":\"Armin-Knab-Gymnasium Kitzingen\"},\"image\":{\"@id\":\"https:\\\/\\\/armin-knab-gymnasium.de\\\/Home\\\/#\\\/schema\\\/logo\\\/image\\\/\"}}]}<\/script>\n<!-- \/ Yoast SEO plugin. -->","yoast_head_json":{"title":"BYCS - Armin-Knab-Gymnasium Kitzingen","robots":{"index":"index","follow":"follow","max-snippet":"max-snippet:-1","max-image-preview":"max-image-preview:large","max-video-preview":"max-video-preview:-1"},"canonical":"https:\/\/armin-knab-gymnasium.de\/Home\/unterricht\/mebis\/","og_locale":"de_DE","og_type":"article","og_title":"BYCS - Armin-Knab-Gymnasium Kitzingen","og_description":"&nbsp;","og_url":"https:\/\/armin-knab-gymnasium.de\/Home\/unterricht\/mebis\/","og_site_name":"Armin-Knab-Gymnasium Kitzingen","article_modified_time":"2023-10-04T05:56:48+00:00","og_image":[{"width":1626,"height":550,"url":"https:\/\/armin-knab-gymnasium.de\/Home\/wp-content\/uploads\/2023\/07\/BYCS_Logo.png","type":"image\/png"}],"twitter_card":"summary_large_image","twitter_misc":{"Gesch\u00e4tzte Lesezeit":"1\u00a0Minute","Written by":"Julian Schmidt"},"schema":{"@context":"https:\/\/schema.org","@graph":[{"@type":"WebPage","@id":"https:\/\/armin-knab-gymnasium.de\/Home\/unterricht\/mebis\/","url":"https:\/\/armin-knab-gymnasium.de\/Home\/unterricht\/mebis\/","name":"BYCS - Armin-Knab-Gymnasium Kitzingen","isPartOf":{"@id":"https:\/\/armin-knab-gymnasium.de\/Home\/#website"},"primaryImageOfPage":{"@id":"https:\/\/armin-knab-gymnasium.de\/Home\/unterricht\/mebis\/#primaryimage"},"image":{"@id":"https:\/\/armin-knab-gymnasium.de\/Home\/unterricht\/mebis\/#primaryimage"},"thumbnailUrl":"https:\/\/armin-knab-gymnasium.de\/Home\/wp-content\/uploads\/2023\/07\/BYCS_Logo.png","datePublished":"2017-09-28T19:44:06+00:00","dateModified":"2023-10-04T05:56:48+00:00","breadcrumb":{"@id":"https:\/\/armin-knab-gymnasium.de\/Home\/unterricht\/mebis\/#breadcrumb"},"inLanguage":"de","potentialAction":[{"@type":"ReadAction","target":["https:\/\/armin-knab-gymnasium.de\/Home\/unterricht\/mebis\/"]}]},{"@type":"ImageObject","inLanguage":"de","@id":"https:\/\/armin-knab-gymnasium.de\/Home\/unterricht\/mebis\/#primaryimage","url":"https:\/\/armin-knab-gymnasium.de\/Home\/wp-content\/uploads\/2023\/07\/BYCS_Logo.png","contentUrl":"https:\/\/armin-knab-gymnasium.de\/Home\/wp-content\/uploads\/2023\/07\/BYCS_Logo.png","width":1626,"height":550},{"@type":"BreadcrumbList","@id":"https:\/\/armin-knab-gymnasium.de\/Home\/unterricht\/mebis\/#breadcrumb","itemListElement":[{"@type":"ListItem","position":1,"name":"Startseite","item":"https:\/\/armin-knab-gymnasium.de\/Home\/"},{"@type":"ListItem","position":2,"name":"Unterricht","item":"https:\/\/armin-knab-gymnasium.de\/Home\/unterricht\/"},{"@type":"ListItem","position":3,"name":"BYCS"}]},{"@type":"WebSite","@id":"https:\/\/armin-knab-gymnasium.de\/Home\/#website","url":"https:\/\/armin-knab-gymnasium.de\/Home\/","name":"Armin-Knab-Gymnasium Kitzingen","description":"Naturwissenschaftlich-technologisches und sprachliches Gymnasium","publisher":{"@id":"https:\/\/armin-knab-gymnasium.de\/Home\/#organization"},"potentialAction":[{"@type":"SearchAction","target":{"@type":"EntryPoint","urlTemplate":"https:\/\/armin-knab-gymnasium.de\/Home\/?s={search_term_string}"},"query-input":{"@type":"PropertyValueSpecification","valueRequired":true,"valueName":"search_term_string"}}],"inLanguage":"de"},{"@type":"Organization","@id":"https:\/\/armin-knab-gymnasium.de\/Home\/#organization","name":"Armin-Knab-Gymnasium Kitzingen","url":"https:\/\/armin-knab-gymnasium.de\/Home\/","logo":{"@type":"ImageObject","inLanguage":"de","@id":"https:\/\/armin-knab-gymnasium.de\/Home\/#\/schema\/logo\/image\/","url":"https:\/\/armin-knab-gymnasium.de\/Home\/wp-content\/uploads\/2016\/11\/LogoIcon.png","contentUrl":"https:\/\/armin-knab-gymnasium.de\/Home\/wp-content\/uploads\/2016\/11\/LogoIcon.png","width":512,"height":512,"caption":"Armin-Knab-Gymnasium Kitzingen"},"image":{"@id":"https:\/\/armin-knab-gymnasium.de\/Home\/#\/schema\/logo\/image\/"}}]}},"publishpress_future_action":{"enabled":false,"date":"2026-04-24 08:54:03","action":"change-status","newStatus":"draft","terms":[],"taxonomy":"author","extraData":[]},"publishpress_future_workflow_manual_trigger":{"enabledWorkflows":[]},"_links":{"self":[{"href":"https:\/\/armin-knab-gymnasium.de\/Home\/wp-json\/wp\/v2\/pages\/956","targetHints":{"allow":["GET"]}}],"collection":[{"href":"https:\/\/armin-knab-gymnasium.de\/Home\/wp-json\/wp\/v2\/pages"}],"about":[{"href":"https:\/\/armin-knab-gymnasium.de\/Home\/wp-json\/wp\/v2\/types\/page"}],"author":[{"embeddable":true,"href":"https:\/\/armin-knab-gymnasium.de\/Home\/wp-json\/wp\/v2\/users\/2"}],"replies":[{"embeddable":true,"href":"https:\/\/armin-knab-gymnasium.de\/Home\/wp-json\/wp\/v2\/comments?post=956"}],"version-history":[{"count":21,"href":"https:\/\/armin-knab-gymnasium.de\/Home\/wp-json\/wp\/v2\/pages\/956\/revisions"}],"predecessor-version":[{"id":15177,"href":"https:\/\/armin-knab-gymnasium.de\/Home\/wp-json\/wp\/v2\/pages\/956\/revisions\/15177"}],"up":[{"embeddable":true,"href":"https:\/\/armin-knab-gymnasium.de\/Home\/wp-json\/wp\/v2\/pages\/112"}],"wp:featuredmedia":[{"embeddable":true,"href":"https:\/\/armin-knab-gymnasium.de\/Home\/wp-json\/wp\/v2\/media\/15174"}],"wp:attachment":[{"href":"https:\/\/armin-knab-gymnasium.de\/Home\/wp-json\/wp\/v2\/media?parent=956"}],"wp:term":[{"taxonomy":"author","embeddable":true,"href":"https:\/\/armin-knab-gymnasium.de\/Home\/wp-json\/wp\/v2\/coauthors?post=956"}],"curies":[{"name":"wp","href":"https:\/\/api.w.org\/{rel}","templated":true}]}}